{"id":1540,"date":"2014-12-25T14:31:00","date_gmt":"2014-12-25T16:31:00","guid":{"rendered":"https:\/\/www.novosconfidentes.com.br\/site\/?page_id=1540"},"modified":"2023-01-24T14:31:45","modified_gmt":"2023-01-24T17:31:45","slug":"homenagem-postuma-irmao-fabio-mercadante","status":"publish","type":"page","link":"https:\/\/www.novosconfidentes.com.br\/site\/homenagem-postuma-irmao-fabio-mercadante\/","title":{"rendered":"Homenagem P\u00f3stuma \u2013 Irm\u00e3o F\u00e1bio Mercadante"},"content":{"rendered":"\n<p>Em 24\/12\/2014 perdemos nosso irm\u00e3o F\u00e1bio Murilo Grossi Mercadante.<\/p>\n\n\n\n<p>Pela pessoa que era, sabemos que o GADU reservou um lugar especial para ele no Oriente Eterno e que de l\u00e1 ele est\u00e1 guiando os passos das pessoas queridas que deixou aqui, dando for\u00e7a e tranquilidade para sua esposa C\u00e1ssia e sua pequena filha Maria Clara.<\/p>\n\n\n\n<p>O irm\u00e3o F\u00e1bio Murilo Grossi Mercadante foi Iniciado em nossa Loja no dia 28\/04\/1998, Elevado em 24\/11\/1998 e Exaltado em 25\/05\/1999.<\/p>\n\n\n\n<p>Obreiro ass\u00edduo e companheiro, o irm\u00e3o F\u00e1bio participou ativamente das atividades da Loja enquanto esteve morando em Belo Horizonte.<\/p>\n\n\n\n<p>Ap\u00f3s seu casamento com a cunhada C\u00e1ssia Mercadante, o irm\u00e3o F\u00e1bio precisou mudar para o Oriente de Bras\u00edlia, por motivos profissionais, quando ent\u00e3o em 30\/03\/2001 solicitou seu Quit Placet.<\/p>\n\n\n\n<p>No Oriente de Bras\u00edlia o irm\u00e3o F\u00e1bio rapidamente filiou-se a Loja Cruzeiro do Sul \u2013 N\u00ba 09 onde continuou seu trabalho como construtor social.<\/p>\n\n\n\n<p>Gerente de Planejamento Financeiro e SPB \u2013 Bancoob S\/A foi dedicado ao trabalho, em fazer o bem, \u00e0 sua fam\u00edlia e a nossa Ordem.<\/p>\n\n\n\n<p>Por sua tranquilidade, carisma e l\u00f3gico \u201csemelhan\u00e7a\u201d, foi apelidado na Loja Novos Confidentes, logo no dia de sua inicia\u00e7\u00e3o, com o \u201ctitulo\u201d de \u201cPadre Marcelo\u201d e assim ficou eternamente \u201cbatizado\u201d em nosso quadro de obreiros.<\/p>\n\n\n\n<p>A Loja Novos Confidentes registra aqui seu pesar pela morte do Obreiro amigo que foi o irm\u00e3o F\u00e1bio, que sempre visitou sua Loja \u201cm\u00e3e\u201d e manteve-se de prontid\u00e3o para atender os irm\u00e3os, tanto em Bras\u00edlia, como em Belo Horizonte.<\/p>\n\n\n\n<p>Que o GADU ilumine a passagem de nosso querido \u201cPadre Marcelo\u201d para o Oriente Eterno e ampare os cora\u00e7\u00f5es de sua esposa e filha.<\/p>\n\n\n\n<figure class=\"wp-block-gallery has-nested-images columns-default is-cropped wp-block-gallery-1 is-layout-flex wp-block-gallery-is-layout-flex\">\n<figure class=\"wp-block-image size-large\"><img loading=\"lazy\" decoding=\"async\" width=\"640\" height=\"427\" data-id=\"936\" src=\"https:\/\/www.novosconfidentes.com.br\/site\/wp-content\/uploads\/2015\/01\/Image00001.jpg\" alt=\"\" class=\"wp-image-936\" srcset=\"https:\/\/www.novosconfidentes.com.br\/site\/wp-content\/uploads\/2015\/01\/Image00001.jpg 640w, https:\/\/www.novosconfidentes.com.br\/site\/wp-content\/uploads\/2015\/01\/Image00001-300x200.jpg 300w, https:\/\/www.novosconfidentes.com.br\/site\/wp-content\/uploads\/2015\/01\/Image00001-624x416.jpg 624w\" sizes=\"auto, (max-width: 640px) 100vw, 640px\" \/><\/figure>\n\n\n\n<figure class=\"wp-block-image size-large\"><img loading=\"lazy\" decoding=\"async\" width=\"640\" height=\"427\" data-id=\"935\" src=\"https:\/\/www.novosconfidentes.com.br\/site\/wp-content\/uploads\/2015\/01\/Image00002.jpg\" alt=\"\" class=\"wp-image-935\" srcset=\"https:\/\/www.novosconfidentes.com.br\/site\/wp-content\/uploads\/2015\/01\/Image00002.jpg 640w, https:\/\/www.novosconfidentes.com.br\/site\/wp-content\/uploads\/2015\/01\/Image00002-300x200.jpg 300w, https:\/\/www.novosconfidentes.com.br\/site\/wp-content\/uploads\/2015\/01\/Image00002-624x416.jpg 624w\" sizes=\"auto, (max-width: 640px) 100vw, 640px\" \/><\/figure>\n\n\n\n<figure class=\"wp-block-image size-large\"><img loading=\"lazy\" decoding=\"async\" width=\"325\" height=\"480\" data-id=\"934\" src=\"https:\/\/www.novosconfidentes.com.br\/site\/wp-content\/uploads\/2015\/01\/Image00003.jpg\" alt=\"\" class=\"wp-image-934\" srcset=\"https:\/\/www.novosconfidentes.com.br\/site\/wp-content\/uploads\/2015\/01\/Image00003.jpg 325w, https:\/\/www.novosconfidentes.com.br\/site\/wp-content\/uploads\/2015\/01\/Image00003-203x300.jpg 203w\" sizes=\"auto, (max-width: 325px) 100vw, 325px\" \/><\/figure>\n\n\n\n<figure class=\"wp-block-image size-large\"><img loading=\"lazy\" decoding=\"async\" width=\"640\" height=\"414\" data-id=\"933\" src=\"https:\/\/www.novosconfidentes.com.br\/site\/wp-content\/uploads\/2015\/01\/Image00004.jpg\" alt=\"\" class=\"wp-image-933\" srcset=\"https:\/\/www.novosconfidentes.com.br\/site\/wp-content\/uploads\/2015\/01\/Image00004.jpg 640w, https:\/\/www.novosconfidentes.com.br\/site\/wp-content\/uploads\/2015\/01\/Image00004-300x194.jpg 300w, https:\/\/www.novosconfidentes.com.br\/site\/wp-content\/uploads\/2015\/01\/Image00004-624x404.jpg 624w\" sizes=\"auto, (max-width: 640px) 100vw, 640px\" \/><\/figure>\n\n\n\n<figure class=\"wp-block-image size-large\"><img loading=\"lazy\" decoding=\"async\" width=\"640\" height=\"411\" data-id=\"932\" src=\"https:\/\/www.novosconfidentes.com.br\/site\/wp-content\/uploads\/2015\/01\/Image00005.jpg\" alt=\"\" class=\"wp-image-932\" srcset=\"https:\/\/www.novosconfidentes.com.br\/site\/wp-content\/uploads\/2015\/01\/Image00005.jpg 640w, https:\/\/www.novosconfidentes.com.br\/site\/wp-content\/uploads\/2015\/01\/Image00005-300x193.jpg 300w, https:\/\/www.novosconfidentes.com.br\/site\/wp-content\/uploads\/2015\/01\/Image00005-624x401.jpg 624w\" sizes=\"auto, (max-width: 640px) 100vw, 640px\" \/><\/figure>\n\n\n\n<figure class=\"wp-block-image size-large\"><img loading=\"lazy\" decoding=\"async\" width=\"480\" height=\"480\" data-id=\"931\" src=\"https:\/\/www.novosconfidentes.com.br\/site\/wp-content\/uploads\/2015\/01\/Image00006.jpg\" alt=\"\" class=\"wp-image-931\" srcset=\"https:\/\/www.novosconfidentes.com.br\/site\/wp-content\/uploads\/2015\/01\/Image00006.jpg 480w, https:\/\/www.novosconfidentes.com.br\/site\/wp-content\/uploads\/2015\/01\/Image00006-300x300.jpg 300w, https:\/\/www.novosconfidentes.com.br\/site\/wp-content\/uploads\/2015\/01\/Image00006-150x150.jpg 150w\" sizes=\"auto, (max-width: 480px) 100vw, 480px\" \/><\/figure>\n\n\n\n<figure class=\"wp-block-image size-large\"><img loading=\"lazy\" decoding=\"async\" width=\"852\" height=\"640\" data-id=\"930\" src=\"https:\/\/www.novosconfidentes.com.br\/site\/wp-content\/uploads\/2015\/01\/wpid-wp-1421189947757.jpeg\" alt=\"\" class=\"wp-image-930\" srcset=\"https:\/\/www.novosconfidentes.com.br\/site\/wp-content\/uploads\/2015\/01\/wpid-wp-1421189947757.jpeg 852w, https:\/\/www.novosconfidentes.com.br\/site\/wp-content\/uploads\/2015\/01\/wpid-wp-1421189947757-300x225.jpeg 300w, https:\/\/www.novosconfidentes.com.br\/site\/wp-content\/uploads\/2015\/01\/wpid-wp-1421189947757-768x577.jpeg 768w, https:\/\/www.novosconfidentes.com.br\/site\/wp-content\/uploads\/2015\/01\/wpid-wp-1421189947757-624x469.jpeg 624w\" sizes=\"auto, (max-width: 852px) 100vw, 852px\" \/><figcaption class=\"wp-element-caption\">Grande e comovente homenagem a Fabio Mercadante em Bras\u00edlia, na sede do bancoob, audit\u00f3rio lotado, manifesta\u00e7\u00e3o de toda diretoria do Banco, confiram fotos.<\/figcaption><\/figure>\n\n\n\n<figure class=\"wp-block-image size-large\"><img loading=\"lazy\" decoding=\"async\" width=\"852\" height=\"640\" data-id=\"929\" src=\"https:\/\/www.novosconfidentes.com.br\/site\/wp-content\/uploads\/2015\/01\/wpid-wp-1421190114317.jpeg\" alt=\"\" class=\"wp-image-929\" srcset=\"https:\/\/www.novosconfidentes.com.br\/site\/wp-content\/uploads\/2015\/01\/wpid-wp-1421190114317.jpeg 852w, https:\/\/www.novosconfidentes.com.br\/site\/wp-content\/uploads\/2015\/01\/wpid-wp-1421190114317-300x225.jpeg 300w, https:\/\/www.novosconfidentes.com.br\/site\/wp-content\/uploads\/2015\/01\/wpid-wp-1421190114317-768x577.jpeg 768w, https:\/\/www.novosconfidentes.com.br\/site\/wp-content\/uploads\/2015\/01\/wpid-wp-1421190114317-624x469.jpeg 624w\" sizes=\"auto, (max-width: 852px) 100vw, 852px\" \/><\/figure>\n<\/figure>\n\n\n\n<p>&#8212;&#8212;&#8212;&#8212;&#8212;&#8212;&#8212;&#8212;&#8212;&#8212;&#8212;&#8211;<\/p>\n\n\n\n<h2 class=\"wp-block-heading\"><a href=\"https:\/\/www.novosconfidentes.com.br\/blog\/nota-de-falecimento-3\/\">Nota de Falecimento<\/a><\/h2>\n\n\n\n<p>Irm\u00e3os, infelizmente nosso irm\u00e3o F\u00e1bio Mercandante passou para o Oriente Eterno neste dia 25\/12 e foi enterrado no cemit\u00e9rio da colina \u00e0s 16h.<\/p>\n\n\n\n<p>Como recebemos a noticia de \u00faltima hora, n\u00e3o tivemos como estar presente.<\/p>\n\n\n\n<p>Nosso Irm\u00e3o Amaro (Pato) pode representar nosso Oficina neste triste ocorrido.<\/p>\n\n\n\n<p>Que GADU ilumine o caminho de nosso irm\u00e3o F\u00e1bio e d\u00ea tranquilidade para sua fam\u00edlia.<\/p>\n","protected":false},"excerpt":{"rendered":"<p>Em 24\/12\/2014 perdemos nosso irm\u00e3o F\u00e1bio Murilo Grossi Mercadante. Pela pessoa que era, sabemos que o GADU reservou um lugar especial para ele no Oriente Eterno e que de l\u00e1 ele est\u00e1 guiando os passos das pessoas queridas que deixou aqui, dando for\u00e7a e tranquilidade para sua esposa C\u00e1ssia e sua pequena filha Maria Clara. [&hellip;]<\/p>\n","protected":false},"author":1,"featured_media":0,"parent":0,"menu_order":0,"comment_status":"closed","ping_status":"closed","template":"","meta":{"footnotes":""},"class_list":["post-1540","page","type-page","status-publish","hentry"],"_links":{"self":[{"href":"https:\/\/www.novosconfidentes.com.br\/site\/wp-json\/wp\/v2\/pages\/1540","targetHints":{"allow":["GET"]}}],"collection":[{"href":"https:\/\/www.novosconfidentes.com.br\/site\/wp-json\/wp\/v2\/pages"}],"about":[{"href":"https:\/\/www.novosconfidentes.com.br\/site\/wp-json\/wp\/v2\/types\/page"}],"author":[{"embeddable":true,"href":"https:\/\/www.novosconfidentes.com.br\/site\/wp-json\/wp\/v2\/users\/1"}],"replies":[{"embeddable":true,"href":"https:\/\/www.novosconfidentes.com.br\/site\/wp-json\/wp\/v2\/comments?post=1540"}],"version-history":[{"count":1,"href":"https:\/\/www.novosconfidentes.com.br\/site\/wp-json\/wp\/v2\/pages\/1540\/revisions"}],"predecessor-version":[{"id":1541,"href":"https:\/\/www.novosconfidentes.com.br\/site\/wp-json\/wp\/v2\/pages\/1540\/revisions\/1541"}],"wp:attachment":[{"href":"https:\/\/www.novosconfidentes.com.br\/site\/wp-json\/wp\/v2\/media?parent=1540"}],"curies":[{"name":"wp","href":"https:\/\/api.w.org\/{rel}","templated":true}]}}