{"id":2438,"date":"2022-03-22T19:25:00","date_gmt":"2022-03-22T22:25:00","guid":{"rendered":"https:\/\/www.novosconfidentes.com.br\/site\/?page_id=2438"},"modified":"2023-01-25T20:40:37","modified_gmt":"2023-01-25T23:40:37","slug":"sessao-magna-de-iniciacao-22-03-2022","status":"publish","type":"page","link":"https:\/\/www.novosconfidentes.com.br\/site\/sessao-magna-de-iniciacao-22-03-2022\/","title":{"rendered":"Sess\u00e3o Magna de Inicia\u00e7\u00e3o &#8211; 22\/03\/2022"},"content":{"rendered":"\n<figure class=\"wp-block-gallery has-nested-images columns-default is-cropped wp-block-gallery-1 is-layout-flex wp-block-gallery-is-layout-flex\">\n<figure class=\"wp-block-image size-large\"><img loading=\"lazy\" decoding=\"async\" width=\"1024\" height=\"768\" data-id=\"2444\" src=\"https:\/\/www.novosconfidentes.com.br\/site\/wp-content\/uploads\/2023\/01\/WhatsApp-Image-2022-03-23-at-03.07.54-1024x768.jpeg\" alt=\"\" class=\"wp-image-2444\" srcset=\"https:\/\/www.novosconfidentes.com.br\/site\/wp-content\/uploads\/2023\/01\/WhatsApp-Image-2022-03-23-at-03.07.54-1024x768.jpeg 1024w, https:\/\/www.novosconfidentes.com.br\/site\/wp-content\/uploads\/2023\/01\/WhatsApp-Image-2022-03-23-at-03.07.54-300x225.jpeg 300w, https:\/\/www.novosconfidentes.com.br\/site\/wp-content\/uploads\/2023\/01\/WhatsApp-Image-2022-03-23-at-03.07.54-768x576.jpeg 768w, https:\/\/www.novosconfidentes.com.br\/site\/wp-content\/uploads\/2023\/01\/WhatsApp-Image-2022-03-23-at-03.07.54-1536x1152.jpeg 1536w, https:\/\/www.novosconfidentes.com.br\/site\/wp-content\/uploads\/2023\/01\/WhatsApp-Image-2022-03-23-at-03.07.54-624x468.jpeg 624w, https:\/\/www.novosconfidentes.com.br\/site\/wp-content\/uploads\/2023\/01\/WhatsApp-Image-2022-03-23-at-03.07.54.jpeg 1600w\" sizes=\"auto, (max-width: 1024px) 100vw, 1024px\" \/><\/figure>\n\n\n\n<figure class=\"wp-block-image size-large\"><img loading=\"lazy\" decoding=\"async\" width=\"1024\" height=\"769\" data-id=\"2439\" src=\"https:\/\/www.novosconfidentes.com.br\/site\/wp-content\/uploads\/2023\/01\/WhatsApp-Image-2022-03-23-at-07.37.23.jpeg\" alt=\"\" class=\"wp-image-2439\" srcset=\"https:\/\/www.novosconfidentes.com.br\/site\/wp-content\/uploads\/2023\/01\/WhatsApp-Image-2022-03-23-at-07.37.23.jpeg 1024w, https:\/\/www.novosconfidentes.com.br\/site\/wp-content\/uploads\/2023\/01\/WhatsApp-Image-2022-03-23-at-07.37.23-300x225.jpeg 300w, https:\/\/www.novosconfidentes.com.br\/site\/wp-content\/uploads\/2023\/01\/WhatsApp-Image-2022-03-23-at-07.37.23-768x577.jpeg 768w, https:\/\/www.novosconfidentes.com.br\/site\/wp-content\/uploads\/2023\/01\/WhatsApp-Image-2022-03-23-at-07.37.23-624x469.jpeg 624w\" sizes=\"auto, (max-width: 1024px) 100vw, 1024px\" \/><\/figure>\n\n\n\n<figure class=\"wp-block-image size-large\"><img loading=\"lazy\" decoding=\"async\" width=\"1024\" height=\"769\" data-id=\"2441\" src=\"https:\/\/www.novosconfidentes.com.br\/site\/wp-content\/uploads\/2023\/01\/WhatsApp-Image-2022-03-23-at-07.37.23-1.jpeg\" alt=\"\" class=\"wp-image-2441\" srcset=\"https:\/\/www.novosconfidentes.com.br\/site\/wp-content\/uploads\/2023\/01\/WhatsApp-Image-2022-03-23-at-07.37.23-1.jpeg 1024w, https:\/\/www.novosconfidentes.com.br\/site\/wp-content\/uploads\/2023\/01\/WhatsApp-Image-2022-03-23-at-07.37.23-1-300x225.jpeg 300w, https:\/\/www.novosconfidentes.com.br\/site\/wp-content\/uploads\/2023\/01\/WhatsApp-Image-2022-03-23-at-07.37.23-1-768x577.jpeg 768w, https:\/\/www.novosconfidentes.com.br\/site\/wp-content\/uploads\/2023\/01\/WhatsApp-Image-2022-03-23-at-07.37.23-1-624x469.jpeg 624w\" sizes=\"auto, (max-width: 1024px) 100vw, 1024px\" \/><\/figure>\n\n\n\n<figure class=\"wp-block-image size-large\"><img loading=\"lazy\" decoding=\"async\" width=\"1024\" height=\"769\" data-id=\"2443\" src=\"https:\/\/www.novosconfidentes.com.br\/site\/wp-content\/uploads\/2023\/01\/WhatsApp-Image-2022-03-23-at-07.37.24.jpeg\" alt=\"\" class=\"wp-image-2443\" srcset=\"https:\/\/www.novosconfidentes.com.br\/site\/wp-content\/uploads\/2023\/01\/WhatsApp-Image-2022-03-23-at-07.37.24.jpeg 1024w, https:\/\/www.novosconfidentes.com.br\/site\/wp-content\/uploads\/2023\/01\/WhatsApp-Image-2022-03-23-at-07.37.24-300x225.jpeg 300w, https:\/\/www.novosconfidentes.com.br\/site\/wp-content\/uploads\/2023\/01\/WhatsApp-Image-2022-03-23-at-07.37.24-768x577.jpeg 768w, https:\/\/www.novosconfidentes.com.br\/site\/wp-content\/uploads\/2023\/01\/WhatsApp-Image-2022-03-23-at-07.37.24-624x469.jpeg 624w\" sizes=\"auto, (max-width: 1024px) 100vw, 1024px\" \/><\/figure>\n\n\n\n<figure class=\"wp-block-image size-large\"><img loading=\"lazy\" decoding=\"async\" width=\"1024\" height=\"769\" data-id=\"2445\" src=\"https:\/\/www.novosconfidentes.com.br\/site\/wp-content\/uploads\/2023\/01\/WhatsApp-Image-2022-03-23-at-07.37.24-1.jpeg\" alt=\"\" class=\"wp-image-2445\" srcset=\"https:\/\/www.novosconfidentes.com.br\/site\/wp-content\/uploads\/2023\/01\/WhatsApp-Image-2022-03-23-at-07.37.24-1.jpeg 1024w, https:\/\/www.novosconfidentes.com.br\/site\/wp-content\/uploads\/2023\/01\/WhatsApp-Image-2022-03-23-at-07.37.24-1-300x225.jpeg 300w, https:\/\/www.novosconfidentes.com.br\/site\/wp-content\/uploads\/2023\/01\/WhatsApp-Image-2022-03-23-at-07.37.24-1-768x577.jpeg 768w, https:\/\/www.novosconfidentes.com.br\/site\/wp-content\/uploads\/2023\/01\/WhatsApp-Image-2022-03-23-at-07.37.24-1-624x469.jpeg 624w\" sizes=\"auto, (max-width: 1024px) 100vw, 1024px\" \/><\/figure>\n\n\n\n<figure class=\"wp-block-image size-large\"><img loading=\"lazy\" decoding=\"async\" width=\"1024\" height=\"769\" data-id=\"2446\" src=\"https:\/\/www.novosconfidentes.com.br\/site\/wp-content\/uploads\/2023\/01\/WhatsApp-Image-2022-03-23-at-07.37.24-2.jpeg\" alt=\"\" class=\"wp-image-2446\" srcset=\"https:\/\/www.novosconfidentes.com.br\/site\/wp-content\/uploads\/2023\/01\/WhatsApp-Image-2022-03-23-at-07.37.24-2.jpeg 1024w, https:\/\/www.novosconfidentes.com.br\/site\/wp-content\/uploads\/2023\/01\/WhatsApp-Image-2022-03-23-at-07.37.24-2-300x225.jpeg 300w, https:\/\/www.novosconfidentes.com.br\/site\/wp-content\/uploads\/2023\/01\/WhatsApp-Image-2022-03-23-at-07.37.24-2-768x577.jpeg 768w, https:\/\/www.novosconfidentes.com.br\/site\/wp-content\/uploads\/2023\/01\/WhatsApp-Image-2022-03-23-at-07.37.24-2-624x469.jpeg 624w\" sizes=\"auto, (max-width: 1024px) 100vw, 1024px\" \/><\/figure>\n\n\n\n<figure class=\"wp-block-image size-large\"><img loading=\"lazy\" decoding=\"async\" width=\"1024\" height=\"769\" data-id=\"2447\" src=\"https:\/\/www.novosconfidentes.com.br\/site\/wp-content\/uploads\/2023\/01\/WhatsApp-Image-2022-03-23-at-07.37.24-3.jpeg\" alt=\"\" class=\"wp-image-2447\" srcset=\"https:\/\/www.novosconfidentes.com.br\/site\/wp-content\/uploads\/2023\/01\/WhatsApp-Image-2022-03-23-at-07.37.24-3.jpeg 1024w, https:\/\/www.novosconfidentes.com.br\/site\/wp-content\/uploads\/2023\/01\/WhatsApp-Image-2022-03-23-at-07.37.24-3-300x225.jpeg 300w, https:\/\/www.novosconfidentes.com.br\/site\/wp-content\/uploads\/2023\/01\/WhatsApp-Image-2022-03-23-at-07.37.24-3-768x577.jpeg 768w, https:\/\/www.novosconfidentes.com.br\/site\/wp-content\/uploads\/2023\/01\/WhatsApp-Image-2022-03-23-at-07.37.24-3-624x469.jpeg 624w\" sizes=\"auto, (max-width: 1024px) 100vw, 1024px\" \/><\/figure>\n\n\n\n<figure class=\"wp-block-image size-large\"><img loading=\"lazy\" decoding=\"async\" width=\"1024\" height=\"769\" data-id=\"2448\" src=\"https:\/\/www.novosconfidentes.com.br\/site\/wp-content\/uploads\/2023\/01\/WhatsApp-Image-2022-03-23-at-07.37.24-4.jpeg\" alt=\"\" class=\"wp-image-2448\" srcset=\"https:\/\/www.novosconfidentes.com.br\/site\/wp-content\/uploads\/2023\/01\/WhatsApp-Image-2022-03-23-at-07.37.24-4.jpeg 1024w, https:\/\/www.novosconfidentes.com.br\/site\/wp-content\/uploads\/2023\/01\/WhatsApp-Image-2022-03-23-at-07.37.24-4-300x225.jpeg 300w, https:\/\/www.novosconfidentes.com.br\/site\/wp-content\/uploads\/2023\/01\/WhatsApp-Image-2022-03-23-at-07.37.24-4-768x577.jpeg 768w, https:\/\/www.novosconfidentes.com.br\/site\/wp-content\/uploads\/2023\/01\/WhatsApp-Image-2022-03-23-at-07.37.24-4-624x469.jpeg 624w\" sizes=\"auto, (max-width: 1024px) 100vw, 1024px\" \/><\/figure>\n\n\n\n<figure class=\"wp-block-image size-large\"><img loading=\"lazy\" decoding=\"async\" width=\"576\" height=\"1024\" data-id=\"2440\" src=\"https:\/\/www.novosconfidentes.com.br\/site\/wp-content\/uploads\/2023\/01\/WhatsApp-Image-2022-03-23-at-02.58.37-576x1024.jpeg\" alt=\"\" class=\"wp-image-2440\" srcset=\"https:\/\/www.novosconfidentes.com.br\/site\/wp-content\/uploads\/2023\/01\/WhatsApp-Image-2022-03-23-at-02.58.37-576x1024.jpeg 576w, https:\/\/www.novosconfidentes.com.br\/site\/wp-content\/uploads\/2023\/01\/WhatsApp-Image-2022-03-23-at-02.58.37-169x300.jpeg 169w, https:\/\/www.novosconfidentes.com.br\/site\/wp-content\/uploads\/2023\/01\/WhatsApp-Image-2022-03-23-at-02.58.37-624x1109.jpeg 624w, https:\/\/www.novosconfidentes.com.br\/site\/wp-content\/uploads\/2023\/01\/WhatsApp-Image-2022-03-23-at-02.58.37.jpeg 720w\" sizes=\"auto, (max-width: 576px) 100vw, 576px\" \/><\/figure>\n<\/figure>\n","protected":false},"excerpt":{"rendered":"","protected":false},"author":1,"featured_media":0,"parent":0,"menu_order":0,"comment_status":"closed","ping_status":"closed","template":"","meta":{"footnotes":""},"class_list":["post-2438","page","type-page","status-publish","hentry"],"_links":{"self":[{"href":"https:\/\/www.novosconfidentes.com.br\/site\/wp-json\/wp\/v2\/pages\/2438","targetHints":{"allow":["GET"]}}],"collection":[{"href":"https:\/\/www.novosconfidentes.com.br\/site\/wp-json\/wp\/v2\/pages"}],"about":[{"href":"https:\/\/www.novosconfidentes.com.br\/site\/wp-json\/wp\/v2\/types\/page"}],"author":[{"embeddable":true,"href":"https:\/\/www.novosconfidentes.com.br\/site\/wp-json\/wp\/v2\/users\/1"}],"replies":[{"embeddable":true,"href":"https:\/\/www.novosconfidentes.com.br\/site\/wp-json\/wp\/v2\/comments?post=2438"}],"version-history":[{"count":2,"href":"https:\/\/www.novosconfidentes.com.br\/site\/wp-json\/wp\/v2\/pages\/2438\/revisions"}],"predecessor-version":[{"id":2565,"href":"https:\/\/www.novosconfidentes.com.br\/site\/wp-json\/wp\/v2\/pages\/2438\/revisions\/2565"}],"wp:attachment":[{"href":"https:\/\/www.novosconfidentes.com.br\/site\/wp-json\/wp\/v2\/media?parent=2438"}],"curies":[{"name":"wp","href":"https:\/\/api.w.org\/{rel}","templated":true}]}}