{"id":40,"date":"2023-01-19T21:58:04","date_gmt":"2023-01-20T00:58:04","guid":{"rendered":"https:\/\/www.novosconfidentes.com.br\/site\/?page_id=40"},"modified":"2023-01-19T21:58:04","modified_gmt":"2023-01-20T00:58:04","slug":"fundacao-da-loja","status":"publish","type":"page","link":"https:\/\/www.novosconfidentes.com.br\/site\/fundacao-da-loja\/","title":{"rendered":"Funda\u00e7\u00e3o da Loja"},"content":{"rendered":"\n<p>Data de Funda\u00e7\u00e3o<\/p>\n\n\n\n<p>09 de agosto de 1989.<\/p>\n\n\n\n<p>Decreto 969 de 17 de Agosto de 1989 \u2013 (Seren\u00edssimo Gr\u00e3o-Mestre Ir.\u00b4. Get\u00falio Gadelha Dantas).<\/p>\n\n\n\n<p>Membros Fundadores:<\/p>\n\n\n\n<p>Fundadores: 13 membros.<\/p>\n\n\n\n<p>Diretoria:<\/p>\n\n\n\n<p>Vener\u00e1vel Mestre: Ir.\u00b4. Jos\u00e9 Ferreira da Silva Filho \u2013 Aug.\u00b4. e Resp.\u00b4. Loja Simb.\u00b4. Fidelidade Escocesa n\u00ba 09 (Transferido)<br>1\u00ba Vigilante: Ir.\u00b4. Edson de Faria Carvalho \u2013 Aug.\u00b4. e Resp.\u00b4. Loja Simb.\u00b4. Fidelidade Escocesa n\u00ba 09 (Transferido)<br>2\u00ba Vigilante: Ir.\u00b4. H\u00e9lcio Rosa Paiva \u2013 Aug.\u00b4.e Resp.\u00b4. Loja Simb.\u00b4. XV de Novembro n\u00ba 166 (Transferido)<\/p>\n\n\n\n<p>Dignidades:<\/p>\n\n\n\n<p>Secret\u00e1rio: Ir .\u00b4. Marcius Jardim Val\u00e9rio \u2013 Aug.\u00b4. e Resp.\u00b4. Loja Simb.\u00b4. Arte Real n\u00ba 230 (Transferido)<br>Orador: Ir.\u00b4. Di\u00f3genes Wilson Ara\u00fajo Ladeira \u2013 Aug.\u00b4. e Resp.\u00b4. Loja Simb.\u00b4. Reconcilia\u00e7\u00e3o e Justi\u00e7a n\u00ba146 (Regularizado)<br>Tesoureiro: Ir.\u00b4. Roberto Martins Brasil \u2013 Aug.\u00b4. e Resp.\u00b4. Loja Simb.\u00b4. Paz e Progresso n\u00ba 128 (Regularizado)<br>Chanceler: Ir.\u00b4. Jos\u00e9 Dion\u00edsio Fi\u00faza \u2013 Aug.\u00b4. e Resp.\u00b4. Loja Simb.\u00b4. Fidelidade Escocesa n\u00ba 09 (Transferido)<\/p>\n\n\n\n<p>Oficiais:<\/p>\n\n\n\n<p>1\u00ba Di\u00e1cono: Ir.\u00b4. Ant\u00f4nio Francisco Alves Canabrava \u2013 Aug.\u00b4. e Resp.\u00b4. Loja Simb.\u00b4. Fidelidade Escocesa n\u00ba 09 (Transferido)<br>2\u00ba Di\u00e1cono: Ir.\u00b4. Raimundo Jorge de Carvalho \u2013 Aug.\u00b4. e Resp.\u00b4. Loja Simb.\u00b4. Luz Amor e Vida N\u00ba 144 (Regularizado)<br>Hospitaleiro: Ir.\u00b4. Milton Pio de Almeida \u2013 Aug.\u00b4. e Resp.\u00b4. Loja Simb.\u00b4. Fidelidade Escocesa n\u00ba 09 (Transferido)<br>Mestre de Cerim\u00f4nias: Ir.\u00b4. Wilson de Campos Alves \u2013 Aug.\u00b4.e Resp.\u00b4. Loja Simb.\u00b4. XV de Novembro n\u00ba 166 (Transferido)<br>Guarda do Templo: Ir.\u00b4. Izauro Luiz Silva \u2013 Aug.\u00b4. e Resp.\u00b4. Loja Simb.\u00b4. Delta Luminoso n\u00ba 82 (Transferido)<br>1\u00ba Experto: Ir.\u00b4. C\u00e9sar Nicolau da Costa \u2013 Aug.\u00b4. e Resp.\u00b4. Loja Simb.\u00b4. Fidelidade Escocesa n\u00ba 09 (Transferido)<\/p>\n\n\n\n<p>Primeira Inicia\u00e7\u00e3o de Novos Membros<\/p>\n\n\n\n<p>16 de Setembro de 1989.<br>Iniciados 12(doze) Seniors DeMolays \u2013 Capitulo Belo Horizonte \u2013 12.<\/p>\n\n\n\n<p>Ir.\u00b4. Amarildo Cota Pereira<br>Ir.\u00b4. An\u00edbal Soares Pires<br>Ir.\u00b4. C\u00e9sar Julio L\u00facio dos Santos<br>Ir.\u00b4. Fl\u00e1vio Bueno Galv\u00e3o<br>Ir.\u00b4. Gilvan Augusto da Silva<br>Ir.\u00b4. Gisiel Alves Braz<br>Ir.\u00b4. Ian Campos Martins \u2013 (Primeiro DeMolay a ser Vener\u00e1vel Mestre em Minas Gerais.)<br>Ir.\u00b4. Marco Olimpio Marra<br>Ir.\u00b4. Nilson Ara\u00fajo Batista<br>Ir.\u00b4. Paulo C\u00e9sar S. Madureira<br>Ir.\u00b4. Rog\u00e9rio Bueno Galv\u00e3o<br>Ir.\u00b4. R\u00f4mulo C\u00e9sar De Oliveira.<\/p>\n","protected":false},"excerpt":{"rendered":"<p>Data de Funda\u00e7\u00e3o 09 de agosto de 1989. Decreto 969 de 17 de Agosto de 1989 \u2013 (Seren\u00edssimo Gr\u00e3o-Mestre Ir.\u00b4. Get\u00falio Gadelha Dantas). Membros Fundadores: Fundadores: 13 membros. Diretoria: Vener\u00e1vel Mestre: Ir.\u00b4. Jos\u00e9 Ferreira da Silva Filho \u2013 Aug.\u00b4. e Resp.\u00b4. Loja Simb.\u00b4. Fidelidade Escocesa n\u00ba 09 (Transferido)1\u00ba Vigilante: Ir.\u00b4. Edson de Faria Carvalho \u2013 [&hellip;]<\/p>\n","protected":false},"author":1,"featured_media":0,"parent":0,"menu_order":0,"comment_status":"closed","ping_status":"closed","template":"","meta":{"footnotes":""},"class_list":["post-40","page","type-page","status-publish","hentry"],"_links":{"self":[{"href":"https:\/\/www.novosconfidentes.com.br\/site\/wp-json\/wp\/v2\/pages\/40","targetHints":{"allow":["GET"]}}],"collection":[{"href":"https:\/\/www.novosconfidentes.com.br\/site\/wp-json\/wp\/v2\/pages"}],"about":[{"href":"https:\/\/www.novosconfidentes.com.br\/site\/wp-json\/wp\/v2\/types\/page"}],"author":[{"embeddable":true,"href":"https:\/\/www.novosconfidentes.com.br\/site\/wp-json\/wp\/v2\/users\/1"}],"replies":[{"embeddable":true,"href":"https:\/\/www.novosconfidentes.com.br\/site\/wp-json\/wp\/v2\/comments?post=40"}],"version-history":[{"count":1,"href":"https:\/\/www.novosconfidentes.com.br\/site\/wp-json\/wp\/v2\/pages\/40\/revisions"}],"predecessor-version":[{"id":41,"href":"https:\/\/www.novosconfidentes.com.br\/site\/wp-json\/wp\/v2\/pages\/40\/revisions\/41"}],"wp:attachment":[{"href":"https:\/\/www.novosconfidentes.com.br\/site\/wp-json\/wp\/v2\/media?parent=40"}],"curies":[{"name":"wp","href":"https:\/\/api.w.org\/{rel}","templated":true}]}}