{"id":50,"date":"2023-01-19T22:03:50","date_gmt":"2023-01-20T01:03:50","guid":{"rendered":"https:\/\/www.novosconfidentes.com.br\/site\/?page_id=50"},"modified":"2023-01-21T09:33:27","modified_gmt":"2023-01-21T12:33:27","slug":"reunioes","status":"publish","type":"page","link":"https:\/\/www.novosconfidentes.com.br\/site\/reunioes\/","title":{"rendered":"Reuni\u00f5es"},"content":{"rendered":"\n<p><\/p>\n\n\n\n<figure class=\"wp-block-image size-full is-resized\"><img loading=\"lazy\" decoding=\"async\" src=\"https:\/\/www.novosconfidentes.com.br\/site\/wp-content\/uploads\/2014\/10\/20141003044117688_easyicon_net_23.3890909091.png\" alt=\"\" class=\"wp-image-202\" width=\"62\" height=\"84\"\/><\/figure>\n\n\n\n<p>&nbsp;<\/p>\n<p><strong>Endere\u00e7o:<\/strong> Av. Brasil, 478 &#8211; Bairro: Santa Efig\u00eania &#8211; Belo Horizonte &#8211; Minas Gerais<\/p>\n<p><strong>Dia da Semana:<\/strong> Ter\u00e7a Feira.<\/p>\n<p><strong>Hor\u00e1rio:<\/strong> 20h.<\/p>\n<p><strong>Local:<\/strong> Templo 502 &#8211; GLMMG.<\/p>\n<p>&nbsp;<\/p>\n<p><iframe loading=\"lazy\" style=\"border: 0;\" src=\"https:\/\/www.google.com\/maps\/embed?pb=!1m18!1m12!1m3!1d3750.971922166652!2d-43.92451599999999!3d-19.92558799999999!2m3!1f0!2f0!3f0!3m2!1i1024!2i768!4f13.1!3m3!1m2!1s0xa69992ca84cc29%3A0x23fa7c64662c5c32!2sGrande+Loja+Ma%C3%A7onica+de+Minas+Gerais!5e0!3m2!1sen!2s!4v1412287872067\" width=\"800\" height=\"600\" frameborder=\"0\"><\/iframe><\/p>\n","protected":false},"excerpt":{"rendered":"<p>&nbsp; Endere\u00e7o: Av. Brasil, 478 &#8211; Bairro: Santa Efig\u00eania &#8211; Belo Horizonte &#8211; Minas Gerais Dia da Semana: Ter\u00e7a Feira. Hor\u00e1rio: 20h. Local: Templo 502 &#8211; GLMMG. &nbsp;<\/p>\n","protected":false},"author":1,"featured_media":0,"parent":0,"menu_order":0,"comment_status":"closed","ping_status":"closed","template":"","meta":{"footnotes":""},"class_list":["post-50","page","type-page","status-publish","hentry"],"_links":{"self":[{"href":"https:\/\/www.novosconfidentes.com.br\/site\/wp-json\/wp\/v2\/pages\/50","targetHints":{"allow":["GET"]}}],"collection":[{"href":"https:\/\/www.novosconfidentes.com.br\/site\/wp-json\/wp\/v2\/pages"}],"about":[{"href":"https:\/\/www.novosconfidentes.com.br\/site\/wp-json\/wp\/v2\/types\/page"}],"author":[{"embeddable":true,"href":"https:\/\/www.novosconfidentes.com.br\/site\/wp-json\/wp\/v2\/users\/1"}],"replies":[{"embeddable":true,"href":"https:\/\/www.novosconfidentes.com.br\/site\/wp-json\/wp\/v2\/comments?post=50"}],"version-history":[{"count":6,"href":"https:\/\/www.novosconfidentes.com.br\/site\/wp-json\/wp\/v2\/pages\/50\/revisions"}],"predecessor-version":[{"id":1418,"href":"https:\/\/www.novosconfidentes.com.br\/site\/wp-json\/wp\/v2\/pages\/50\/revisions\/1418"}],"wp:attachment":[{"href":"https:\/\/www.novosconfidentes.com.br\/site\/wp-json\/wp\/v2\/media?parent=50"}],"curies":[{"name":"wp","href":"https:\/\/api.w.org\/{rel}","templated":true}]}}